{"id":4454,"date":"2021-12-21T11:08:27","date_gmt":"2021-12-21T14:08:27","guid":{"rendered":"http:\/\/www.fundacaocasadossonhos.com\/?page_id=4454"},"modified":"2024-04-30T13:30:52","modified_gmt":"2024-04-30T16:30:52","slug":"como-doar-seu-imposto-de-renda-pessoa-fisica-2","status":"publish","type":"page","link":"https:\/\/www.fundacaocasadossonhos.com\/index.php\/faca-sua-doacao\/como-doar-seu-imposto-de-renda-pessoa-fisica-2\/","title":{"rendered":"Como Doar seu Imposto de Renda Pessoa F\u00edsica"},"content":{"rendered":"\t\t<div data-elementor-type=\"wp-page\" data-elementor-id=\"4454\" class=\"elementor elementor-4454\" data-elementor-settings=\"[]\">\n\t\t\t\t\t\t\t<div class=\"elementor-section-wrap\">\n\t\t\t\t\t\t\t<section class=\"has_ma_el_bg_slider elementor-section elementor-top-section elementor-element elementor-element-13ace5c elementor-hidden-mobile elementor-section-boxed elementor-section-height-default elementor-section-height-default jltma-glass-effect-no elementor-invisible\" data-id=\"13ace5c\" data-element_type=\"section\" data-settings=\"{&quot;animation&quot;:&quot;fadeIn&quot;}\">\n\t\t\t\t\t\t<div class=\"elementor-container elementor-column-gap-default\">\n\t\t\t\t\t<div class=\"has_ma_el_bg_slider elementor-column elementor-col-33 elementor-top-column elementor-element elementor-element-b4d530e jltma-glass-effect-no elementor-invisible\" data-id=\"b4d530e\" data-element_type=\"column\" data-settings=\"{&quot;animation&quot;:&quot;fadeInLeft&quot;}\">\n\t\t\t<div class=\"elementor-widget-wrap elementor-element-populated\">\n\t\t\t\t\t\t\t\t\t<\/div>\n\t\t<\/div>\n\t\t\t\t<div class=\"has_ma_el_bg_slider elementor-column elementor-col-33 elementor-top-column elementor-element elementor-element-99fa149 jltma-glass-effect-no\" data-id=\"99fa149\" data-element_type=\"column\">\n\t\t\t<div class=\"elementor-widget-wrap elementor-element-populated\">\n\t\t\t\t\t\t\t\t<div class=\"elementor-element elementor-element-9127b6d jltma-glass-effect-no elementor-widget elementor-widget-heading\" data-id=\"9127b6d\" data-element_type=\"widget\" data-widget_type=\"heading.default\">\n\t\t\t\t<div class=\"elementor-widget-container\">\n\t\t\t<style>\/*! elementor - v3.5.1 - 20-12-2021 *\/\n.elementor-heading-title{padding:0;margin:0;line-height:1}.elementor-widget-heading .elementor-heading-title[class*=elementor-size-]>a{color:inherit;font-size:inherit;line-height:inherit}.elementor-widget-heading .elementor-heading-title.elementor-size-small{font-size:15px}.elementor-widget-heading .elementor-heading-title.elementor-size-medium{font-size:19px}.elementor-widget-heading .elementor-heading-title.elementor-size-large{font-size:29px}.elementor-widget-heading .elementor-heading-title.elementor-size-xl{font-size:39px}.elementor-widget-heading .elementor-heading-title.elementor-size-xxl{font-size:59px}<\/style><h2 class=\"elementor-heading-title elementor-size-default\">COMO DOAR SEU IMPOSTO DE RENDA<\/h2>\t\t<\/div>\n\t\t\t\t<\/div>\n\t\t\t\t\t<\/div>\n\t\t<\/div>\n\t\t\t\t<div class=\"has_ma_el_bg_slider elementor-column elementor-col-33 elementor-top-column elementor-element elementor-element-07f3c01 jltma-glass-effect-no elementor-invisible\" data-id=\"07f3c01\" data-element_type=\"column\" data-settings=\"{&quot;animation&quot;:&quot;fadeInRight&quot;}\">\n\t\t\t<div class=\"elementor-widget-wrap elementor-element-populated\">\n\t\t\t\t\t\t\t\t\t<\/div>\n\t\t<\/div>\n\t\t\t\t\t\t\t<\/div>\n\t\t<\/section>\n\t\t\t\t<section class=\"has_ma_el_bg_slider elementor-section elementor-top-section elementor-element elementor-element-6f0d127 elementor-hidden-desktop elementor-section-boxed elementor-section-height-default elementor-section-height-default jltma-glass-effect-no elementor-invisible\" data-id=\"6f0d127\" data-element_type=\"section\" data-settings=\"{&quot;animation&quot;:&quot;fadeIn&quot;}\">\n\t\t\t\t\t\t<div class=\"elementor-container elementor-column-gap-default\">\n\t\t\t\t\t<div class=\"has_ma_el_bg_slider elementor-column elementor-col-100 elementor-top-column elementor-element elementor-element-7057c9a jltma-glass-effect-no\" data-id=\"7057c9a\" data-element_type=\"column\">\n\t\t\t<div class=\"elementor-widget-wrap elementor-element-populated\">\n\t\t\t\t\t\t\t\t<div class=\"elementor-element elementor-element-865fdfc jltma-glass-effect-no elementor-widget elementor-widget-spacer\" data-id=\"865fdfc\" data-element_type=\"widget\" data-widget_type=\"spacer.default\">\n\t\t\t\t<div class=\"elementor-widget-container\">\n\t\t\t\t\t<div class=\"elementor-spacer\">\n\t\t\t<div class=\"elementor-spacer-inner\"><\/div>\n\t\t<\/div>\n\t\t\t\t<\/div>\n\t\t\t\t<\/div>\n\t\t\t\t<div class=\"elementor-element elementor-element-c6facc9 jltma-glass-effect-no elementor-widget elementor-widget-heading\" data-id=\"c6facc9\" data-element_type=\"widget\" data-widget_type=\"heading.default\">\n\t\t\t\t<div class=\"elementor-widget-container\">\n\t\t\t<h2 class=\"elementor-heading-title elementor-size-default\">COMO DOAR SEU IMPOSTO DE RENDA<\/h2>\t\t<\/div>\n\t\t\t\t<\/div>\n\t\t\t\t\t<\/div>\n\t\t<\/div>\n\t\t\t\t\t\t\t<\/div>\n\t\t<\/section>\n\t\t\t\t<section class=\"has_ma_el_bg_slider elementor-section elementor-top-section elementor-element elementor-element-7d3233a9 elementor-hidden-mobile elementor-section-boxed elementor-section-height-default elementor-section-height-default jltma-glass-effect-no\" data-id=\"7d3233a9\" data-element_type=\"section\" data-settings=\"{&quot;background_background&quot;:&quot;classic&quot;}\">\n\t\t\t\t\t\t<div class=\"elementor-container elementor-column-gap-default\">\n\t\t\t\t\t<div class=\"has_ma_el_bg_slider elementor-column elementor-col-50 elementor-top-column elementor-element elementor-element-54c8717e jltma-glass-effect-no\" data-id=\"54c8717e\" data-element_type=\"column\">\n\t\t\t<div class=\"elementor-widget-wrap elementor-element-populated\">\n\t\t\t\t\t\t\t\t<div class=\"elementor-element elementor-element-1d4a62ef elementor-absolute jltma-glass-effect-no elementor-widget elementor-widget-image\" data-id=\"1d4a62ef\" data-element_type=\"widget\" data-settings=\"{&quot;_position&quot;:&quot;absolute&quot;}\" data-widget_type=\"image.default\">\n\t\t\t\t<div class=\"elementor-widget-container\">\n\t\t\t<style>\/*! elementor - v3.5.1 - 20-12-2021 *\/\n.elementor-widget-image{text-align:center}.elementor-widget-image a{display:inline-block}.elementor-widget-image a img[src$=\".svg\"]{width:48px}.elementor-widget-image img{vertical-align:middle;display:inline-block}<\/style>\t\t\t\t\t\t\t\t\t\t\t\t<img loading=\"lazy\" decoding=\"async\" width=\"103\" height=\"24\" src=\"https:\/\/www.fundacaocasadossonhos.com\/wp-content\/uploads\/2021\/12\/heading-bird.png\" class=\"attachment-large size-large\" alt=\"\" \/>\t\t\t\t\t\t\t\t\t\t\t\t\t\t\t<\/div>\n\t\t\t\t<\/div>\n\t\t\t\t<div class=\"elementor-element elementor-element-5617154 jltma-glass-effect-no elementor-widget elementor-widget-text-editor\" data-id=\"5617154\" data-element_type=\"widget\" data-widget_type=\"text-editor.default\">\n\t\t\t\t<div class=\"elementor-widget-container\">\n\t\t\t<style>\/*! elementor - v3.5.1 - 20-12-2021 *\/\n.elementor-widget-text-editor.elementor-drop-cap-view-stacked .elementor-drop-cap{background-color:#818a91;color:#fff}.elementor-widget-text-editor.elementor-drop-cap-view-framed .elementor-drop-cap{color:#818a91;border:3px solid;background-color:transparent}.elementor-widget-text-editor:not(.elementor-drop-cap-view-default) .elementor-drop-cap{margin-top:8px}.elementor-widget-text-editor:not(.elementor-drop-cap-view-default) .elementor-drop-cap-letter{width:1em;height:1em}.elementor-widget-text-editor .elementor-drop-cap{float:left;text-align:center;line-height:1;font-size:50px}.elementor-widget-text-editor .elementor-drop-cap-letter{display:inline-block}<\/style>\t\t\t\t<p>O caminho \u00e9 simples. \u00c9 preciso optar pela tributa\u00e7\u00e3o de<br>dedu\u00e7\u00f5es legais na declara\u00e7\u00e3o no <b>modelo completo<\/b>.<br>Ap\u00f3s preencher todo o documento, na ficha \u201cDoa\u00e7\u00f5es<br>Diretamente na Declara\u00e7\u00e3o\u201d, basta escolher <b>\u201cCrian\u00e7a e<br>Adolescente\u201d<\/b> e clicar em <b>\u201cnovo\u201d<\/b>.<\/p>\n<p>Escolha o <b>FUNCRIAN\u00c7A do Munic\u00edpio de Gravata\u00ed\/RS<br>\u2013 CNPJ 14.792.656\/0001-07<\/b> e preencha os dados<br>solicitados. Se poss\u00edvel, inclua \u201cProjeto&nbsp;<span class=\"selectable-text copyable-text\" style=\"white-space-collapse: preserve;\">n.\u00ba<\/span>&nbsp;127\u201d &#8211;<br>nosso identificador junto ao Conselho Municipal da<br>Crian\u00e7a e do Adolescente \u2013 na DA<\/p>\t\t\t\t\t\t<\/div>\n\t\t\t\t<\/div>\n\t\t\t\t\t<\/div>\n\t\t<\/div>\n\t\t\t\t<div class=\"has_ma_el_bg_slider elementor-column elementor-col-50 elementor-top-column elementor-element elementor-element-6c79de13 jltma-glass-effect-no\" data-id=\"6c79de13\" data-element_type=\"column\">\n\t\t\t<div class=\"elementor-widget-wrap elementor-element-populated\">\n\t\t\t\t\t\t\t\t<div class=\"elementor-element elementor-element-77d469c2 elementor-absolute jltma-glass-effect-no elementor-widget elementor-widget-image\" data-id=\"77d469c2\" data-element_type=\"widget\" data-settings=\"{&quot;_position&quot;:&quot;absolute&quot;}\" data-widget_type=\"image.default\">\n\t\t\t\t<div class=\"elementor-widget-container\">\n\t\t\t\t\t\t\t\t\t\t\t\t\t\t\t<img loading=\"lazy\" decoding=\"async\" width=\"222\" height=\"56\" src=\"https:\/\/www.fundacaocasadossonhos.com\/wp-content\/uploads\/2021\/12\/heading-cloud-bird.png\" class=\"attachment-large size-large\" alt=\"\" \/>\t\t\t\t\t\t\t\t\t\t\t\t\t\t\t<\/div>\n\t\t\t\t<\/div>\n\t\t\t\t<div class=\"elementor-element elementor-element-8382e40 jltma-glass-effect-no elementor-widget elementor-widget-text-editor\" data-id=\"8382e40\" data-element_type=\"widget\" data-widget_type=\"text-editor.default\">\n\t\t\t\t<div class=\"elementor-widget-container\">\n\t\t\t\t\t\t\t<p>Conclu\u00eddo o processo de doa\u00e7\u00e3o durante a declara\u00e7\u00e3o<br \/>do imposto de renda, \u00e9 preciso imprimir ou salvar o DARF<br \/>(Documento de Arrecada\u00e7\u00e3o da Receita Federal)<br \/>referente ao Fundo escolhido ou buscar os dados<br \/>indicados no sistema para fazer o pagamento at\u00e9 a data<br \/>limite para envio do IR. Neste ano, o prazo para entrega<br \/>da declara\u00e7\u00e3o se encerra em 31\/05\/2024.<\/p><p>Ap\u00f3s o pagamento, favor enviar o comprovante de<br \/>pagamento do DARF para a Funda\u00e7\u00e3o Casa dos Sonhos<br \/><b>(casadossonhosgrv@gmail.com)<\/b>, aos cuidados de<br \/>Carmen Piccini ou Amauri Rhoden, informando a<br \/>inten\u00e7\u00e3o de destinar o recurso para nossa entidade, para<br \/>que possamos apresentar projeto ao Conselho Municipal<br \/>da Crian\u00e7a e do Adolescente de Gravata\u00ed com o objetivo<br \/>de captar o referido recurso.<\/p>\t\t\t\t\t\t<\/div>\n\t\t\t\t<\/div>\n\t\t\t\t\t<\/div>\n\t\t<\/div>\n\t\t\t\t\t\t\t<\/div>\n\t\t<\/section>\n\t\t\t\t<section class=\"has_ma_el_bg_slider elementor-section elementor-top-section elementor-element elementor-element-89d69f1 elementor-hidden-desktop elementor-section-boxed elementor-section-height-default elementor-section-height-default jltma-glass-effect-no\" data-id=\"89d69f1\" data-element_type=\"section\">\n\t\t\t\t\t\t<div class=\"elementor-container elementor-column-gap-default\">\n\t\t\t\t\t<div class=\"has_ma_el_bg_slider elementor-column elementor-col-100 elementor-top-column elementor-element elementor-element-421439b jltma-glass-effect-no\" data-id=\"421439b\" data-element_type=\"column\">\n\t\t\t<div class=\"elementor-widget-wrap elementor-element-populated\">\n\t\t\t\t\t\t\t\t<div class=\"elementor-element elementor-element-20950da jltma-glass-effect-no elementor-widget elementor-widget-spacer\" data-id=\"20950da\" data-element_type=\"widget\" data-widget_type=\"spacer.default\">\n\t\t\t\t<div class=\"elementor-widget-container\">\n\t\t\t\t\t<div class=\"elementor-spacer\">\n\t\t\t<div class=\"elementor-spacer-inner\"><\/div>\n\t\t<\/div>\n\t\t\t\t<\/div>\n\t\t\t\t<\/div>\n\t\t\t\t<div class=\"elementor-element elementor-element-4365b9d jltma-glass-effect-no elementor-widget elementor-widget-text-editor\" data-id=\"4365b9d\" data-element_type=\"widget\" data-widget_type=\"text-editor.default\">\n\t\t\t\t<div class=\"elementor-widget-container\">\n\t\t\t\t\t\t\t<p><strong>Conta FUNCRIAN\u00c7A de Gravata\u00ed:<\/strong><br \/>Banco do Brasil<br \/>Ag 883-4<br \/>CC 60036-9<br \/>CNPJ 14.792.656\/0001-07<\/p><p>Se voc\u00ea faz a <strong>declara\u00e7\u00e3o plena\/ completa<\/strong>, voc\u00ea pode doar <strong>at\u00e9 6% do total do seu Imposto de Renda devido<\/strong> no ano calend\u00e1rio 2021 e descontar este valor na Declara\u00e7\u00e3o de IR do exerc\u00edcio 2022.<\/p>\t\t\t\t\t\t<\/div>\n\t\t\t\t<\/div>\n\t\t\t\t\t<\/div>\n\t\t<\/div>\n\t\t\t\t\t\t\t<\/div>\n\t\t<\/section>\n\t\t\t\t<section class=\"has_ma_el_bg_slider elementor-section elementor-top-section elementor-element elementor-element-6a50b22 elementor-hidden-desktop elementor-section-boxed elementor-section-height-default elementor-section-height-default jltma-glass-effect-no\" data-id=\"6a50b22\" data-element_type=\"section\">\n\t\t\t\t\t\t<div class=\"elementor-container elementor-column-gap-default\">\n\t\t\t\t\t<div class=\"has_ma_el_bg_slider elementor-column elementor-col-100 elementor-top-column elementor-element elementor-element-c0cda96 jltma-glass-effect-no\" data-id=\"c0cda96\" data-element_type=\"column\">\n\t\t\t<div class=\"elementor-widget-wrap elementor-element-populated\">\n\t\t\t\t\t\t\t\t<div class=\"elementor-element elementor-element-20db443 jltma-glass-effect-no elementor-widget elementor-widget-spacer\" data-id=\"20db443\" data-element_type=\"widget\" data-widget_type=\"spacer.default\">\n\t\t\t\t<div class=\"elementor-widget-container\">\n\t\t\t\t\t<div class=\"elementor-spacer\">\n\t\t\t<div class=\"elementor-spacer-inner\"><\/div>\n\t\t<\/div>\n\t\t\t\t<\/div>\n\t\t\t\t<\/div>\n\t\t\t\t<div class=\"elementor-element elementor-element-61998a7 jltma-glass-effect-no elementor-widget elementor-widget-spacer\" data-id=\"61998a7\" data-element_type=\"widget\" data-widget_type=\"spacer.default\">\n\t\t\t\t<div class=\"elementor-widget-container\">\n\t\t\t\t\t<div class=\"elementor-spacer\">\n\t\t\t<div class=\"elementor-spacer-inner\"><\/div>\n\t\t<\/div>\n\t\t\t\t<\/div>\n\t\t\t\t<\/div>\n\t\t\t\t<div class=\"elementor-element elementor-element-9bdc4b9 jltma-glass-effect-no elementor-widget elementor-widget-text-editor\" data-id=\"9bdc4b9\" data-element_type=\"widget\" data-widget_type=\"text-editor.default\">\n\t\t\t\t<div class=\"elementor-widget-container\">\n\t\t\t\t\t\t\t<p>Se poss\u00edvel , inclua <strong>&#8220;projeto n\u00b0 127&#8221;<\/strong> &#8211; nosso identificador junto ao conselho Municipal da Crian\u00e7a e do Adolescente &#8211; no documento de dep\u00f3sito do seu banco para facilitar a identifica\u00e7\u00e3o.<br \/>Ap\u00f3s realizar a doa\u00e7\u00e3o <strong>envie c\u00f3pia do comprovante de dep\u00f3sito via e-mail<\/strong> para casadossonhosgrv@gmail.com , informando sua inten\u00e7\u00e3o de destinar os recursos para nossa entidade. N\u00f3s iremos obter seu recibo DBF junto \u00e0 Prefeitura de Gravata\u00ed e envi\u00e1-lo a voc\u00ea para seus arquivos.<br \/>Inclua o valor da doa\u00e7\u00e3o na declara\u00e7\u00e3o de IR <strong>exerc\u00edcio 2022<\/strong> e retenha o recibo para posterior comprova\u00e7\u00e3o, se necess\u00e1rio.<br \/>Maiores informa\u00e7\u00f5es com Ivo Noll pelo telefone (51) 99344 &#8211; 7920 ou via e-mail: ivonoll@gmail.com<\/p>\t\t\t\t\t\t<\/div>\n\t\t\t\t<\/div>\n\t\t\t\t\t<\/div>\n\t\t<\/div>\n\t\t\t\t\t\t\t<\/div>\n\t\t<\/section>\n\t\t\t\t<section class=\"has_ma_el_bg_slider elementor-section elementor-top-section elementor-element elementor-element-3419e8e elementor-section-boxed elementor-section-height-default elementor-section-height-default jltma-glass-effect-no\" data-id=\"3419e8e\" data-element_type=\"section\">\n\t\t\t\t\t\t<div class=\"elementor-container elementor-column-gap-default\">\n\t\t\t\t\t<div class=\"has_ma_el_bg_slider elementor-column elementor-col-100 elementor-top-column elementor-element elementor-element-35a95c8 jltma-glass-effect-no\" data-id=\"35a95c8\" data-element_type=\"column\">\n\t\t\t<div class=\"elementor-widget-wrap elementor-element-populated\">\n\t\t\t\t\t\t\t\t<div class=\"elementor-element elementor-element-2e19bed jltma-glass-effect-no elementor-widget elementor-widget-spacer\" data-id=\"2e19bed\" data-element_type=\"widget\" data-widget_type=\"spacer.default\">\n\t\t\t\t<div class=\"elementor-widget-container\">\n\t\t\t\t\t<div class=\"elementor-spacer\">\n\t\t\t<div class=\"elementor-spacer-inner\"><\/div>\n\t\t<\/div>\n\t\t\t\t<\/div>\n\t\t\t\t<\/div>\n\t\t\t\t\t<\/div>\n\t\t<\/div>\n\t\t\t\t\t\t\t<\/div>\n\t\t<\/section>\n\t\t\t\t\t\t<\/div>\n\t\t\t\t\t<\/div>\n\t\t","protected":false},"excerpt":{"rendered":"<p>COMO DOAR SEU IMPOSTO DE RENDA COMO DOAR SEU IMPOSTO DE RENDA O caminho \u00e9 simples. \u00c9 preciso optar pela tributa\u00e7\u00e3o dededu\u00e7\u00f5es legais na declara\u00e7\u00e3o no modelo completo.Ap\u00f3s preencher todo o documento, na ficha \u201cDoa\u00e7\u00f5esDiretamente na Declara\u00e7\u00e3o\u201d, basta escolher \u201cCrian\u00e7a eAdolescente\u201d e clicar em \u201cnovo\u201d. Escolha o FUNCRIAN\u00c7A do Munic\u00edpio de Gravata\u00ed\/RS\u2013 CNPJ 14.792.656\/0001-07 e &hellip; <a href=\"https:\/\/www.fundacaocasadossonhos.com\/index.php\/faca-sua-doacao\/como-doar-seu-imposto-de-renda-pessoa-fisica-2\/\" class=\"more-link\">Continue reading <span class=\"screen-reader-text\">Como Doar seu Imposto de Renda Pessoa F\u00edsica<\/span><\/a><\/p>\n","protected":false},"author":1,"featured_media":0,"parent":3206,"menu_order":0,"comment_status":"closed","ping_status":"closed","template":"elementor_header_footer","meta":{"footnotes":""},"class_list":["post-4454","page","type-page","status-publish","hentry"],"_links":{"self":[{"href":"https:\/\/www.fundacaocasadossonhos.com\/index.php\/wp-json\/wp\/v2\/pages\/4454","targetHints":{"allow":["GET"]}}],"collection":[{"href":"https:\/\/www.fundacaocasadossonhos.com\/index.php\/wp-json\/wp\/v2\/pages"}],"about":[{"href":"https:\/\/www.fundacaocasadossonhos.com\/index.php\/wp-json\/wp\/v2\/types\/page"}],"author":[{"embeddable":true,"href":"https:\/\/www.fundacaocasadossonhos.com\/index.php\/wp-json\/wp\/v2\/users\/1"}],"replies":[{"embeddable":true,"href":"https:\/\/www.fundacaocasadossonhos.com\/index.php\/wp-json\/wp\/v2\/comments?post=4454"}],"version-history":[{"count":29,"href":"https:\/\/www.fundacaocasadossonhos.com\/index.php\/wp-json\/wp\/v2\/pages\/4454\/revisions"}],"predecessor-version":[{"id":5070,"href":"https:\/\/www.fundacaocasadossonhos.com\/index.php\/wp-json\/wp\/v2\/pages\/4454\/revisions\/5070"}],"up":[{"embeddable":true,"href":"https:\/\/www.fundacaocasadossonhos.com\/index.php\/wp-json\/wp\/v2\/pages\/3206"}],"wp:attachment":[{"href":"https:\/\/www.fundacaocasadossonhos.com\/index.php\/wp-json\/wp\/v2\/media?parent=4454"}],"curies":[{"name":"wp","href":"https:\/\/api.w.org\/{rel}","templated":true}]}}